{"id":36,"date":"2022-07-28T18:41:58","date_gmt":"2022-07-28T18:41:58","guid":{"rendered":"http:\/\/proyecciones.site\/proyectos-realizados\/?page_id=36"},"modified":"2025-02-12T16:08:32","modified_gmt":"2025-02-12T16:08:32","slug":"home","status":"publish","type":"page","link":"https:\/\/proyecciones.net\/proyectos-realizados\/","title":{"rendered":"Home"},"content":{"rendered":"\t\t<div data-elementor-type=\"wp-page\" data-elementor-id=\"36\" class=\"elementor elementor-36\" data-elementor-post-type=\"page\">\n\t\t\t\t\t\t<section data-particle_enable=\"false\" data-particle-mobile-disabled=\"false\" class=\"elementor-section elementor-top-section elementor-element elementor-element-6299bd8 elementor-section-stretched elementor-section-boxed elementor-section-height-default elementor-section-height-default\" data-id=\"6299bd8\" data-element_type=\"section\" data-settings=\"{&quot;stretch_section&quot;:&quot;section-stretched&quot;,&quot;background_background&quot;:&quot;classic&quot;}\">\n\t\t\t\t\t\t\t<div class=\"elementor-background-overlay\"><\/div>\n\t\t\t\t\t\t\t<div class=\"elementor-container elementor-column-gap-default\">\n\t\t\t\t\t<div class=\"elementor-column elementor-col-100 elementor-top-column elementor-element elementor-element-a4bc2a8\" data-id=\"a4bc2a8\" data-element_type=\"column\">\n\t\t\t<div class=\"elementor-widget-wrap elementor-element-populated\">\n\t\t\t\t\t\t<div class=\"elementor-element elementor-element-f8a9dc7 elementor-widget elementor-widget-heading\" data-id=\"f8a9dc7\" data-element_type=\"widget\" data-widget_type=\"heading.default\">\n\t\t\t\t<div class=\"elementor-widget-container\">\n\t\t\t<style>\/*! elementor - v3.21.0 - 26-05-2024 *\/\n.elementor-heading-title{padding:0;margin:0;line-height:1}.elementor-widget-heading .elementor-heading-title[class*=elementor-size-]>a{color:inherit;font-size:inherit;line-height:inherit}.elementor-widget-heading .elementor-heading-title.elementor-size-small{font-size:15px}.elementor-widget-heading .elementor-heading-title.elementor-size-medium{font-size:19px}.elementor-widget-heading .elementor-heading-title.elementor-size-large{font-size:29px}.elementor-widget-heading .elementor-heading-title.elementor-size-xl{font-size:39px}.elementor-widget-heading .elementor-heading-title.elementor-size-xxl{font-size:59px}<\/style><h1 class=\"elementor-heading-title elementor-size-default\">Proyectos Realizados<\/h1>\t\t<\/div>\n\t\t\t\t<\/div>\n\t\t\t\t<div class=\"elementor-element elementor-element-4495be3 elementor-widget-divider--view-line elementor-widget elementor-widget-divider\" data-id=\"4495be3\" data-element_type=\"widget\" data-widget_type=\"divider.default\">\n\t\t\t\t<div class=\"elementor-widget-container\">\n\t\t\t<style>\/*! elementor - v3.21.0 - 26-05-2024 *\/\n.elementor-widget-divider{--divider-border-style:none;--divider-border-width:1px;--divider-color:#0c0d0e;--divider-icon-size:20px;--divider-element-spacing:10px;--divider-pattern-height:24px;--divider-pattern-size:20px;--divider-pattern-url:none;--divider-pattern-repeat:repeat-x}.elementor-widget-divider .elementor-divider{display:flex}.elementor-widget-divider .elementor-divider__text{font-size:15px;line-height:1;max-width:95%}.elementor-widget-divider .elementor-divider__element{margin:0 var(--divider-element-spacing);flex-shrink:0}.elementor-widget-divider .elementor-icon{font-size:var(--divider-icon-size)}.elementor-widget-divider .elementor-divider-separator{display:flex;margin:0;direction:ltr}.elementor-widget-divider--view-line_icon .elementor-divider-separator,.elementor-widget-divider--view-line_text .elementor-divider-separator{align-items:center}.elementor-widget-divider--view-line_icon .elementor-divider-separator:after,.elementor-widget-divider--view-line_icon .elementor-divider-separator:before,.elementor-widget-divider--view-line_text .elementor-divider-separator:after,.elementor-widget-divider--view-line_text .elementor-divider-separator:before{display:block;content:\"\";border-block-end:0;flex-grow:1;border-block-start:var(--divider-border-width) var(--divider-border-style) var(--divider-color)}.elementor-widget-divider--element-align-left .elementor-divider .elementor-divider-separator>.elementor-divider__svg:first-of-type{flex-grow:0;flex-shrink:100}.elementor-widget-divider--element-align-left .elementor-divider-separator:before{content:none}.elementor-widget-divider--element-align-left .elementor-divider__element{margin-left:0}.elementor-widget-divider--element-align-right .elementor-divider .elementor-divider-separator>.elementor-divider__svg:last-of-type{flex-grow:0;flex-shrink:100}.elementor-widget-divider--element-align-right .elementor-divider-separator:after{content:none}.elementor-widget-divider--element-align-right .elementor-divider__element{margin-right:0}.elementor-widget-divider--element-align-start .elementor-divider .elementor-divider-separator>.elementor-divider__svg:first-of-type{flex-grow:0;flex-shrink:100}.elementor-widget-divider--element-align-start .elementor-divider-separator:before{content:none}.elementor-widget-divider--element-align-start .elementor-divider__element{margin-inline-start:0}.elementor-widget-divider--element-align-end .elementor-divider .elementor-divider-separator>.elementor-divider__svg:last-of-type{flex-grow:0;flex-shrink:100}.elementor-widget-divider--element-align-end .elementor-divider-separator:after{content:none}.elementor-widget-divider--element-align-end .elementor-divider__element{margin-inline-end:0}.elementor-widget-divider:not(.elementor-widget-divider--view-line_text):not(.elementor-widget-divider--view-line_icon) .elementor-divider-separator{border-block-start:var(--divider-border-width) var(--divider-border-style) var(--divider-color)}.elementor-widget-divider--separator-type-pattern{--divider-border-style:none}.elementor-widget-divider--separator-type-pattern.elementor-widget-divider--view-line .elementor-divider-separator,.elementor-widget-divider--separator-type-pattern:not(.elementor-widget-divider--view-line) .elementor-divider-separator:after,.elementor-widget-divider--separator-type-pattern:not(.elementor-widget-divider--view-line) .elementor-divider-separator:before,.elementor-widget-divider--separator-type-pattern:not([class*=elementor-widget-divider--view]) .elementor-divider-separator{width:100%;min-height:var(--divider-pattern-height);-webkit-mask-size:var(--divider-pattern-size) 100%;mask-size:var(--divider-pattern-size) 100%;-webkit-mask-repeat:var(--divider-pattern-repeat);mask-repeat:var(--divider-pattern-repeat);background-color:var(--divider-color);-webkit-mask-image:var(--divider-pattern-url);mask-image:var(--divider-pattern-url)}.elementor-widget-divider--no-spacing{--divider-pattern-size:auto}.elementor-widget-divider--bg-round{--divider-pattern-repeat:round}.rtl .elementor-widget-divider .elementor-divider__text{direction:rtl}.e-con-inner>.elementor-widget-divider,.e-con>.elementor-widget-divider{width:var(--container-widget-width,100%);--flex-grow:var(--container-widget-flex-grow)}<\/style>\t\t<div class=\"elementor-divider\">\n\t\t\t<span class=\"elementor-divider-separator\">\n\t\t\t\t\t\t<\/span>\n\t\t<\/div>\n\t\t\t\t<\/div>\n\t\t\t\t<\/div>\n\t\t\t\t<div class=\"elementor-element elementor-element-419fd5f elementor-widget elementor-widget-heading\" data-id=\"419fd5f\" data-element_type=\"widget\" data-widget_type=\"heading.default\">\n\t\t\t\t<div class=\"elementor-widget-container\">\n\t\t\t<h2 class=\"elementor-heading-title elementor-size-default\">Desde 1996 brindando integraciones de tecnolog\u00eda y plataformas<\/h2>\t\t<\/div>\n\t\t\t\t<\/div>\n\t\t\t\t\t<\/div>\n\t\t<\/div>\n\t\t\t\t\t<\/div>\n\t\t<\/section>\n\t\t\t\t<section data-particle_enable=\"false\" data-particle-mobile-disabled=\"false\" class=\"elementor-section elementor-top-section elementor-element elementor-element-aee6a42 elementor-section-stretched elementor-section-boxed elementor-section-height-default elementor-section-height-default\" data-id=\"aee6a42\" data-element_type=\"section\" data-settings=\"{&quot;stretch_section&quot;:&quot;section-stretched&quot;}\">\n\t\t\t\t\t\t<div class=\"elementor-container elementor-column-gap-default\">\n\t\t\t\t\t<div class=\"elementor-column elementor-col-100 elementor-top-column elementor-element elementor-element-dbe237d\" data-id=\"dbe237d\" data-element_type=\"column\">\n\t\t\t<div class=\"elementor-widget-wrap elementor-element-populated\">\n\t\t\t\t\t\t<div class=\"elementor-element elementor-element-c39f500 proyectos elementor-grid-3 elementor-grid-tablet-2 elementor-grid-mobile-1 elementor-widget elementor-widget-eael-dynamic-filterable-gallery\" data-id=\"c39f500\" data-element_type=\"widget\" data-settings=\"{&quot;show_load_more&quot;:&quot;1&quot;,&quot;eael_fg_columns&quot;:&quot;3&quot;,&quot;eael_fg_columns_tablet&quot;:&quot;2&quot;,&quot;eael_fg_columns_mobile&quot;:&quot;1&quot;}\" data-widget_type=\"eael-dynamic-filterable-gallery.default\">\n\t\t\t\t<div class=\"elementor-widget-container\">\n\t\t\t<div id=\"eael-filter-gallery-wrapper-c39f500\" class=\"eael-filter-gallery-wrapper\"><div class=\"eael-filter-gallery-control\">\n                    <ul>\n                        <li class=\"control active dynamic-gallery-category \" data-filter=\"*\">TODO<\/li><li class=\"control dynamic-gallery-category \" data-termid=\"9\" data-taxonomy=\"category\" data-filter=\".educacion\">Educaci\u00f3n<\/li><li class=\"control dynamic-gallery-category \" data-termid=\"5\" data-taxonomy=\"category\" data-filter=\".soluciones-corporativas\">Soluciones Corporativas<\/li><li class=\"control dynamic-gallery-category \" data-termid=\"6\" data-taxonomy=\"category\" data-filter=\".proyectos-especiales\">Proyectos Especiales<\/li><\/ul>\n                <\/div><div class=\"eael-filter-gallery-container eael-post-appender eael-post-appender-c39f500 grid eael-hoverer 3\" data-settings=\"{&quot;item_style&quot;:&quot;eael-hoverer&quot;,&quot;duration&quot;:500,&quot;layout_mode&quot;:&quot;grid&quot;}\"><div class=\"dynamic-gallery-item proyectos-especiales proyectos-especiales\">\n            <div class=\"dynamic-gallery-item-inner\" data-itemid=\" 926 \">\n                <div class=\"dynamic-gallery-thumbnail\"><img decoding=\"async\" src=\"https:\/\/proyecciones.net\/proyectos-realizados\/wp-content\/uploads\/2022\/08\/prisma-1.png\" alt=\"Carteler\u00eda digital\"><div class=\"caption eael-fade-in \"><div class=\"item-content\"><h2 class=\"title\"><a href=\"https:\/\/proyecciones.net\/proyectos-realizados\/prisma-medios-de-pago\/\">Prisma Medios de Pago<\/a><\/h2><p><a class=\"eael_post_excerpt_read_more\" href=\"https:\/\/proyecciones.net\/proyectos-realizados\/prisma-medios-de-pago\/\"> Ver Proyecto<\/a><\/p><\/div><div class=\"buttons\"><\/div><\/div><\/div>\n            <\/div>\n        <\/div><div class=\"dynamic-gallery-item educacion educacion\">\n            <div class=\"dynamic-gallery-item-inner\" data-itemid=\" 446 \">\n                <div class=\"dynamic-gallery-thumbnail\"><img decoding=\"async\" src=\"https:\/\/proyecciones.net\/proyectos-realizados\/wp-content\/uploads\/2022\/08\/UCC-5.png\" alt=\"\"><div class=\"caption eael-fade-in \"><div class=\"item-content\"><h2 class=\"title\"><a href=\"https:\/\/proyecciones.net\/proyectos-realizados\/universidad-catolica-de-cordoba-ucc\/\">Universidad Cat\u00f3lica de C\u00f3rdoba (UCC)<\/a><\/h2><p><a class=\"eael_post_excerpt_read_more\" href=\"https:\/\/proyecciones.net\/proyectos-realizados\/universidad-catolica-de-cordoba-ucc\/\"> Ver Proyecto<\/a><\/p><\/div><div class=\"buttons\"><\/div><\/div><\/div>\n            <\/div>\n        <\/div><div class=\"dynamic-gallery-item soluciones-corporativas soluciones-corporativas\">\n            <div class=\"dynamic-gallery-item-inner\" data-itemid=\" 439 \">\n                <div class=\"dynamic-gallery-thumbnail\"><img decoding=\"async\" src=\"https:\/\/proyecciones.net\/proyectos-realizados\/wp-content\/uploads\/2022\/08\/melicidade-1.jpg\" alt=\"\"><div class=\"caption eael-fade-in \"><div class=\"item-content\"><h2 class=\"title\"><a href=\"https:\/\/proyecciones.net\/proyectos-realizados\/mercadolibre\/\">Mercado Libre Smart Buildings<\/a><\/h2><p><a class=\"eael_post_excerpt_read_more\" href=\"https:\/\/proyecciones.net\/proyectos-realizados\/mercadolibre\/\"> Ver Proyecto<\/a><\/p><\/div><div class=\"buttons\"><\/div><\/div><\/div>\n            <\/div>\n        <\/div><div class=\"dynamic-gallery-item soluciones-corporativas soluciones-corporativas\">\n            <div class=\"dynamic-gallery-item-inner\" data-itemid=\" 423 \">\n                <div class=\"dynamic-gallery-thumbnail\"><img decoding=\"async\" src=\"https:\/\/proyecciones.net\/proyectos-realizados\/wp-content\/uploads\/2022\/08\/cocacola1.jpg\" alt=\"\"><div class=\"caption eael-fade-in \"><div class=\"item-content\"><h2 class=\"title\"><a href=\"https:\/\/proyecciones.net\/proyectos-realizados\/coca-cola\/\">Coca Cola New Building<\/a><\/h2><p><a class=\"eael_post_excerpt_read_more\" href=\"https:\/\/proyecciones.net\/proyectos-realizados\/coca-cola\/\"> Ver Proyecto<\/a><\/p><\/div><div class=\"buttons\"><\/div><\/div><\/div>\n            <\/div>\n        <\/div><div class=\"dynamic-gallery-item proyectos-especiales proyectos-especiales\">\n            <div class=\"dynamic-gallery-item-inner\" data-itemid=\" 392 \">\n                <div class=\"dynamic-gallery-thumbnail\"><img decoding=\"async\" src=\"https:\/\/proyecciones.net\/proyectos-realizados\/wp-content\/uploads\/2022\/08\/carrusel-Tina-1.jpg\" alt=\"\"><div class=\"caption eael-fade-in \"><div class=\"item-content\"><h2 class=\"title\"><a href=\"https:\/\/proyecciones.net\/proyectos-realizados\/tina-el-rumor-de-una-nacion\/\">Tina, el Rumor de una Naci\u00f3n<\/a><\/h2><p><a class=\"eael_post_excerpt_read_more\" href=\"https:\/\/proyecciones.net\/proyectos-realizados\/tina-el-rumor-de-una-nacion\/\"> Ver Proyecto<\/a><\/p><\/div><div class=\"buttons\"><\/div><\/div><\/div>\n            <\/div>\n        <\/div><div class=\"dynamic-gallery-item proyectos-especiales proyectos-especiales\">\n            <div class=\"dynamic-gallery-item-inner\" data-itemid=\" 326 \">\n                <div class=\"dynamic-gallery-thumbnail\"><img decoding=\"async\" src=\"https:\/\/proyecciones.net\/proyectos-realizados\/wp-content\/uploads\/2022\/08\/carrusel-ExploraSalta-1.jpeg\" alt=\"\"><div class=\"caption eael-fade-in \"><div class=\"item-content\"><h2 class=\"title\"><a href=\"https:\/\/proyecciones.net\/proyectos-realizados\/museo-explora-salta\/\">Museo Explora Salta<\/a><\/h2><p><a class=\"eael_post_excerpt_read_more\" href=\"https:\/\/proyecciones.net\/proyectos-realizados\/museo-explora-salta\/\"> Ver Proyecto<\/a><\/p><\/div><div class=\"buttons\"><\/div><\/div><\/div>\n            <\/div>\n        <\/div><div class=\"dynamic-gallery-item proyectos-especiales proyectos-especiales\">\n            <div class=\"dynamic-gallery-item-inner\" data-itemid=\" 307 \">\n                <div class=\"dynamic-gallery-thumbnail\"><img decoding=\"async\" src=\"https:\/\/proyecciones.net\/proyectos-realizados\/wp-content\/uploads\/2022\/08\/quienes-somos.png\" alt=\"\"><div class=\"caption eael-fade-in \"><div class=\"item-content\"><h2 class=\"title\"><a href=\"https:\/\/proyecciones.net\/proyectos-realizados\/museo-guemes\/\">Museo G\u00fcemes<\/a><\/h2><p><a class=\"eael_post_excerpt_read_more\" href=\"https:\/\/proyecciones.net\/proyectos-realizados\/museo-guemes\/\"> Ver Proyecto<\/a><\/p><\/div><div class=\"buttons\"><\/div><\/div><\/div>\n            <\/div>\n        <\/div><div class=\"dynamic-gallery-item proyectos-especiales proyectos-especiales\">\n            <div class=\"dynamic-gallery-item-inner\" data-itemid=\" 246 \">\n                <div class=\"dynamic-gallery-thumbnail\"><img decoding=\"async\" src=\"https:\/\/proyecciones.net\/proyectos-realizados\/wp-content\/uploads\/2022\/08\/carrusel-MuseoDelDeporte-1.png\" alt=\"\"><div class=\"caption eael-fade-in \"><div class=\"item-content\"><h2 class=\"title\"><a href=\"https:\/\/proyecciones.net\/proyectos-realizados\/museo-del-deporte\/\">Museo del Deporte<\/a><\/h2><p><a class=\"eael_post_excerpt_read_more\" href=\"https:\/\/proyecciones.net\/proyectos-realizados\/museo-del-deporte\/\"> Ver Proyecto<\/a><\/p><\/div><div class=\"buttons\"><\/div><\/div><\/div>\n            <\/div>\n        <\/div><div class=\"dynamic-gallery-item proyectos-especiales proyectos-especiales\">\n            <div class=\"dynamic-gallery-item-inner\" data-itemid=\" 228 \">\n                <div class=\"dynamic-gallery-thumbnail\"><img decoding=\"async\" src=\"https:\/\/proyecciones.net\/proyectos-realizados\/wp-content\/uploads\/2022\/08\/Carrusel-Temaiken-6.jpg\" alt=\"\"><div class=\"caption eael-fade-in \"><div class=\"item-content\"><h2 class=\"title\"><a href=\"https:\/\/proyecciones.net\/proyectos-realizados\/temaiken\/\">Temaik\u00e8n<\/a><\/h2><p><a class=\"eael_post_excerpt_read_more\" href=\"https:\/\/proyecciones.net\/proyectos-realizados\/temaiken\/\"> Ver Proyecto<\/a><\/p><\/div><div class=\"buttons\"><\/div><\/div><\/div>\n            <\/div>\n        <\/div><div class=\"dynamic-gallery-item proyectos-especiales proyectos-especiales\">\n            <div class=\"dynamic-gallery-item-inner\" data-itemid=\" 172 \">\n                <div class=\"dynamic-gallery-thumbnail\"><img decoding=\"async\" src=\"https:\/\/proyecciones.net\/proyectos-realizados\/wp-content\/uploads\/2022\/07\/vwvwds.jpg\" alt=\"\"><div class=\"caption eael-fade-in \"><div class=\"item-content\"><h2 class=\"title\"><a href=\"https:\/\/proyecciones.net\/proyectos-realizados\/palacio-libertad\/\">Palacio Libertad<\/a><\/h2><p><a class=\"eael_post_excerpt_read_more\" href=\"https:\/\/proyecciones.net\/proyectos-realizados\/palacio-libertad\/\"> Ver Proyecto<\/a><\/p><\/div><div class=\"buttons\"><\/div><\/div><\/div>\n            <\/div>\n        <\/div><div class=\"dynamic-gallery-item soluciones-corporativas soluciones-corporativas\">\n            <div class=\"dynamic-gallery-item-inner\" data-itemid=\" 143 \">\n                <div class=\"dynamic-gallery-thumbnail\"><img decoding=\"async\" src=\"https:\/\/proyecciones.net\/proyectos-realizados\/wp-content\/uploads\/2022\/07\/amex-1-1.jpg\" alt=\"\"><div class=\"caption eael-fade-in \"><div class=\"item-content\"><h2 class=\"title\"><a href=\"https:\/\/proyecciones.net\/proyectos-realizados\/amex\/\">AMEX<\/a><\/h2><p><a class=\"eael_post_excerpt_read_more\" href=\"https:\/\/proyecciones.net\/proyectos-realizados\/amex\/\"> Ver Proyecto<\/a><\/p><\/div><div class=\"buttons\"><\/div><\/div><\/div>\n            <\/div>\n        <\/div><div class=\"dynamic-gallery-item soluciones-corporativas soluciones-corporativas\">\n            <div class=\"dynamic-gallery-item-inner\" data-itemid=\" 133 \">\n                <div class=\"dynamic-gallery-thumbnail\"><img decoding=\"async\" src=\"https:\/\/proyecciones.net\/proyectos-realizados\/wp-content\/uploads\/2022\/07\/Telecom-1-2-scaled.jpg\" alt=\"\"><div class=\"caption eael-fade-in \"><div class=\"item-content\"><h2 class=\"title\"><a href=\"https:\/\/proyecciones.net\/proyectos-realizados\/telecom\/\">Telecom<\/a><\/h2><p><a class=\"eael_post_excerpt_read_more\" href=\"https:\/\/proyecciones.net\/proyectos-realizados\/telecom\/\"> Ver Proyecto<\/a><\/p><\/div><div class=\"buttons\"><\/div><\/div><\/div>\n            <\/div>\n        <\/div><\/div>            <div class=\"eael-load-more-button-wrap dynamic-filter-gallery-loadmore\">\n                <button class=\"eael-load-more-button\" id=\"eael-load-more-btn-c39f500\" data-widget-id=\"c39f500\" data-widget=\"c39f500\" data-page-id=\"36\" data-nonce=\"ab0e5d57d0\" data-template=\"{&quot;dir&quot;:&quot;pro&quot;,&quot;file_name&quot;:&quot;default.php&quot;,&quot;name&quot;:&quot;Dynamic-Filterable-Gallery&quot;}\" data-class=\"Essential_Addons_Elementor\\Pro\\Elements\\Dynamic_Filterable_Gallery\" data-layout=\"masonry\" data-page=\"1\" data-args=\"orderby=date&amp;order=desc&amp;ignore_sticky_posts=1&amp;post_status=publish&amp;posts_per_page=12&amp;offset=0&amp;post_type=post&amp;tax_query%5B0%5D%5Btaxonomy%5D=category&amp;tax_query%5B0%5D%5Bfield%5D=term_id&amp;tax_query%5B0%5D%5Bterms%5D%5B0%5D=9&amp;tax_query%5B0%5D%5Bterms%5D%5B1%5D=5&amp;tax_query%5B0%5D%5Bterms%5D%5B2%5D=6&amp;tax_query%5Brelation%5D=AND\" data-max-page=\"2\">\n                    <div class=\"eael-btn-loader button__loader\"><\/div>\n                    <span>Ver M\u00e1s<\/span>\n                <\/button>\n            <\/div>\n        <\/div>\t\t<\/div>\n\t\t\t\t<\/div>\n\t\t\t\t\t<\/div>\n\t\t<\/div>\n\t\t\t\t\t<\/div>\n\t\t<\/section>\n\t\t\t\t<\/div>\n\t\t","protected":false},"excerpt":{"rendered":"<p>Proyectos Realizados Desde 1996 brindando integraciones de tecnolog\u00eda y plataformas TODO Educaci\u00f3n Soluciones Corporativas Proyectos Especiales Universidad Cat\u00f3lica de C\u00f3rdoba (UCC) Ver Proyecto Mercado Libre Smart Buildings Ver Proyecto Prisma Medios de Pago Ver Proyecto Coca Cola New Building Ver Proyecto Tina, el Rumor de una Naci\u00f3n Ver Proyecto Museo Explora Salta Ver Proyecto Museo [&hellip;]<\/p>\n","protected":false},"author":1,"featured_media":0,"parent":0,"menu_order":0,"comment_status":"closed","ping_status":"closed","template":"elementor_header_footer","meta":{"site-sidebar-layout":"no-sidebar","site-content-layout":"page-builder","ast-site-content-layout":"full-width-container","site-content-style":"unboxed","site-sidebar-style":"unboxed","ast-global-header-display":"","ast-banner-title-visibility":"","ast-main-header-display":"","ast-hfb-above-header-display":"","ast-hfb-below-header-display":"","ast-hfb-mobile-header-display":"","site-post-title":"disabled","ast-breadcrumbs-content":"","ast-featured-img":"disabled","footer-sml-layout":"","theme-transparent-header-meta":"","adv-header-id-meta":"","stick-header-meta":"","header-above-stick-meta":"","header-main-stick-meta":"","header-below-stick-meta":"","astra-migrate-meta-layouts":"set","ast-page-background-enabled":"default","ast-page-background-meta":{"desktop":{"background-color":"var(--ast-global-color-4)","background-image":"","background-repeat":"repeat","background-position":"center center","background-size":"auto","background-attachment":"scroll","background-type":"","background-media":"","overlay-type":"","overlay-color":"","overlay-opacity":"","overlay-gradient":""},"tablet":{"background-color":"","background-image":"","background-repeat":"repeat","background-position":"center center","background-size":"auto","background-attachment":"scroll","background-type":"","background-media":"","overlay-type":"","overlay-color":"","overlay-opacity":"","overlay-gradient":""},"mobile":{"background-color":"","background-image":"","background-repeat":"repeat","background-position":"center center","background-size":"auto","background-attachment":"scroll","background-type":"","background-media":"","overlay-type":"","overlay-color":"","overlay-opacity":"","overlay-gradient":""}},"ast-content-background-meta":{"desktop":{"background-color":"var(--ast-global-color-5)","background-image":"","background-repeat":"repeat","background-position":"center center","background-size":"auto","background-attachment":"scroll","background-type":"","background-media":"","overlay-type":"","overlay-color":"","overlay-opacity":"","overlay-gradient":""},"tablet":{"background-color":"var(--ast-global-color-5)","background-image":"","background-repeat":"repeat","background-position":"center center","background-size":"auto","background-attachment":"scroll","background-type":"","background-media":"","overlay-type":"","overlay-color":"","overlay-opacity":"","overlay-gradient":""},"mobile":{"background-color":"var(--ast-global-color-5)","background-image":"","background-repeat":"repeat","background-position":"center center","background-size":"auto","background-attachment":"scroll","background-type":"","background-media":"","overlay-type":"","overlay-color":"","overlay-opacity":"","overlay-gradient":""}},"footnotes":""},"class_list":["post-36","page","type-page","status-publish","hentry"],"_links":{"self":[{"href":"https:\/\/proyecciones.net\/proyectos-realizados\/wp-json\/wp\/v2\/pages\/36","targetHints":{"allow":["GET"]}}],"collection":[{"href":"https:\/\/proyecciones.net\/proyectos-realizados\/wp-json\/wp\/v2\/pages"}],"about":[{"href":"https:\/\/proyecciones.net\/proyectos-realizados\/wp-json\/wp\/v2\/types\/page"}],"author":[{"embeddable":true,"href":"https:\/\/proyecciones.net\/proyectos-realizados\/wp-json\/wp\/v2\/users\/1"}],"replies":[{"embeddable":true,"href":"https:\/\/proyecciones.net\/proyectos-realizados\/wp-json\/wp\/v2\/comments?post=36"}],"version-history":[{"count":59,"href":"https:\/\/proyecciones.net\/proyectos-realizados\/wp-json\/wp\/v2\/pages\/36\/revisions"}],"predecessor-version":[{"id":923,"href":"https:\/\/proyecciones.net\/proyectos-realizados\/wp-json\/wp\/v2\/pages\/36\/revisions\/923"}],"wp:attachment":[{"href":"https:\/\/proyecciones.net\/proyectos-realizados\/wp-json\/wp\/v2\/media?parent=36"}],"curies":[{"name":"wp","href":"https:\/\/api.w.org\/{rel}","templated":true}]}}